{"id":924,"date":"2021-02-17T09:59:13","date_gmt":"2021-02-17T08:59:13","guid":{"rendered":"https:\/\/www.eko-rec.pl\/?page_id=924"},"modified":"2021-02-17T10:23:40","modified_gmt":"2021-02-17T09:23:40","slug":"datenschutzrichtlinie","status":"publish","type":"page","link":"https:\/\/www.textildruk.pl\/de\/datenschutzrichtlinie\/","title":{"rendered":"Datenschutzrichtlinie"},"content":{"rendered":"<!--themify_builder_content-->\n<div id=\"themify_builder_content-924\" data-postid=\"924\" class=\"themify_builder_content themify_builder_content-924 themify_builder tf_clear\">\n                    <div  data-css_id=\"gxnc347\" data-lazy=\"1\" class=\"module_row themify_builder_row subtechnology fullwidth_row_container tb_gxnc347 tb_first tf_w\">\n                        <div class=\"row_inner col_align_top tb_col_count_1 tf_box tf_rel\">\n                        <div  data-lazy=\"1\" class=\"module_column tb-column col-full tb_29ye350 first\">\n                    <!-- module text -->\n<div  class=\"module module-text tb_p3rf352   \" data-lazy=\"1\">\n        <div  class=\"tb_text_wrap\">\n        <h1>Datenschutzrichtlinie<\/h1><p>Aufgrund des spezifischen Charakters der Internetseiten, die in gewisser Weise als elektronische Datentr\u00e4ger behandelt werden, erkl\u00e4ren wir, dass alle in dieser Datenschutzerkl\u00e4rung beschriebenen Aktivit\u00e4ten dem polnischen Recht entsprechen. Jeder Nutzer dieser Internetseite erkl\u00e4rt sich mit dem Betreten und der freien Nutzung dieser Internetseite freiwillig mit den Bedingungen dieser Datenschutzrichtlinie einverstanden zu sein.<\/p><p>Damit die Benutzer dieser Internetseite ihre Vorteile voll in Anspruch nehmen k\u00f6nnen, sammelt eine spezielle Software, die im Skript dieser Internetseite installiert ist, bestimmte Informationen, die den Autoren dieser Internetseite als Hilfsmittel zur Modernisierung, Verbesserung und Erweiterung der Funktionalit\u00e4ten dieser Website behilflich sein werden. Alle Angaben werden nur zu Informationszwecken und v\u00f6llig anonym erhoben.<\/p>    <\/div>\n<\/div>\n<!-- \/module text --><!-- module text -->\n<div  class=\"module module-text tb_dqav356   \" data-lazy=\"1\">\n        <div  class=\"tb_text_wrap\">\n        <h3>Wir sammeln folgende Informationen wie:<\/h3>\n<ul>\n<li>Informationen, die der Benutzer freiwillig hinterl\u00e4sst (pers\u00f6nliche Daten, E-Mail-Adresse, Kontaktnummer, etc.)<\/li>\n<li>automatisch erhobene technische Informationen, wie z. B.\n<ul>\n<li>Informationen \u00fcber die Ger\u00e4te, die der Benutzer beim Aufrufen und Besuch dieser Internetseite verwendet (Modell oder Typ des Computers, Version des Betriebssystems, IP-Adresse, oder wenn der Benutzer ein Mobiltelefon und einen darauf installierten Webbrowser verwendet, dann auch das Modell des Telefons und der darauf installierten Software)<\/li>\n<li>Log-Informationen (welche Suchbegriffe der Benutzer in die Suchmaschine eingegeben hat, wie hat er\/sie auf der Seite navigiert)<\/li>\n<li>Cookies<\/li>\n<\/ul>\n<\/li>\n<li>Informationen \u00fcber den Standort des Benutzers (dank Internetquellen k\u00f6nnen wir die ungef\u00e4hren Standorte, von denen aus auf die Seite zugegriffen wurde, \u00fcberpr\u00fcfen &#8211; diese Daten werden ausschlie\u00dflich f\u00fcr statistische Zwecken verwendet)<\/li>\n<\/ul>\n    <\/div>\n<\/div>\n<!-- \/module text --><!-- module text -->\n<div  class=\"module module-text tb_8wxz357   \" data-lazy=\"1\">\n        <div  class=\"tb_text_wrap\">\n        <p>Alle Informationen werden f\u00fcr statistische und technische Zwecke verwendet. Sie werden niemals f\u00fcr andere Zwecke als die Verbesserung dieser Internetseite verwendet. Das Sammeln solcher Informationen ist dem Wunsch geschuldet, die Qualit\u00e4t aller von uns angebotenen Inhalten und Diensten zu verbessern.<\/p>\n<p>Der Empf\u00e4nger der Daten ist der Administrator dieser Internetseite. Bei Zweifeln und Fragen wenden Sie sich deswegen bitte an den Administrator.<\/p>\n    <\/div>\n<\/div>\n<!-- \/module text --><!-- module text -->\n<div  class=\"module module-text tb_b9ck359   \" data-lazy=\"1\">\n        <div  class=\"tb_text_wrap\">\n        <h3><b>Google Analytics<\/b><\/h3>\n<p>Diese Website benutzt Google Analytics, einen Webanalysedienst der Google Inc. (&#8222;Google&#8220;).<\/p>\n<p>Google Analytics verwendet sog. &#8222;Cookies&#8220;, Textdateien, die auf Ihrem Computer gespeichert werden und die eine Analyse der Benutzung der Internetseite von Ihnen erm\u00f6glichen. Die in dem Cookie enthaltenen Informationen \u00fcber Ihre Nutzung dieser Internetseite (einschlie\u00dflich Ihrer IP-Adresse) werden an einen Server von Google in den USA \u00fcbertragen und dort gespeichert.<\/p>\n<p>Google wird diese Informationen benutzen, um die Nutzung der Internetseite von dem Benutzer auszuwerten, Reports \u00fcber die Internetaktivit\u00e4ten f\u00fcr die Internetseitenbetreiber zusammenzustellen und um weitere mit der Nutzung der Internetseiten und der Internetnutzung verbundene Dienstleistungen zu erbringen.<\/p>\n<p>Auch wird Google diese Informationen gegebenenfalls an Dritte \u00fcbertragen, sofern dies gesetzlich vorgeschrieben ist oder soweit Dritte diese Daten im Auftrag von Google verarbeiten.<\/p>\n<p>Google wird in keinem Fall die IP-Adresse des Benutzers mit anderen Daten von Google verbinden. Der Benutzer kann die Verwendung von Cookies ablehnen, indem er die entsprechenden Einstellungen in Ihrem Browser vornimmt und aktiviert. Bitte beachten Sie, dass, wenn Sie die Verwendung von Cookies deaktivieren, einige Teile dieser Internetseite m\u00f6glicherweise nicht richtig funktionieren k\u00f6nnen und werden.<\/p>\n<p>Durch die Nutzung dieser Website erkl\u00e4rt sich der Benutzer mit der Bearbeitung der \u00fcber ihn erhobenen Daten durch Google in der zuvor beschriebenen Art und Weise und zu dem zuvor benannten Zweck einverstanden.<\/p>    <\/div>\n<\/div>\n<!-- \/module text --><!-- module text -->\n<div  class=\"module module-text tb_2ym8360   \" data-lazy=\"1\">\n        <div  class=\"tb_text_wrap\">\n        <h3>Cookies-Richtlinie<\/h3>\n<p>\nDie f\u00fcr die Internetseite www.textildruk.pl erstellte Cookie-Richtlinie wird im Folgenden kurz als Service bezeichnet.\n<\/p>\n<p>\nDer Service sammelt keine Informationen automatisch, mit Ausnahme der in Cookies-Dateien enthaltenen Informationen.\n<\/p>\n<p>\nCookies (sog. &#8222;Kekse&#8220;) sind IT-Daten, insbesondere Textdateien, die auf dem Endger\u00e4t des Service-Nutzers gespeichert werden und f\u00fcr die Verwendung auf den Internetseiten des Services bestimmt sind. Cookies enthalten in der Regel den Namen der Internetseite, von der sie stammen, den Zeitpunkt der Speicherung auf dem Endger\u00e4t und eine einmalige Nummer.\n<\/p>\n<p>\nDas Unternehmen, das die Cookies-Dateien auf dem Ger\u00e4t des Endbenutzers der Internetseite speichert und zu ihnen den Zugang hat, ist der Betreiber des Services \u2013 die Firma uKONTENTowani, mit Sitz in Zielona G\u00f3ra, \u0141u\u017cycka 17 Strasse, 65-001.<\/p>\n<p>Cookies werden f\u00fcr folgende Ziele verwendet:<\/p>\n<ul>\n<li>Anpassung der Inhalte der Internetseiten an die Pr\u00e4ferenzen des Benutzers und Optimierung der Nutzung der Internetseiten; insbesondere erm\u00f6glichen diese Dateien die Erkennung des Ger\u00e4ts des Benutzers der Internetseite und die entsprechende Pr\u00e4sentation der Internetseite, angepasst an die individuelle Bed\u00fcrfnisse des Benutzers;<\/li>\n<li>Erstellung von Statistiken, die helfen zu verstehen, wie die Benutzer des Services die Internetseiten benutzen, was die Verbesserung ihrer Struktur und ihrer Inhalten erm\u00f6glicht;<\/li>\n<li>m\u00f6gliche Erhaltung einer Session des Benutzers in dem Service (nach der Anmeldung), dank derer der Benutzer den Login und Passwort auf jeder untergeordneten Internetseite des Services nicht jedes Mal erneut eingeben muss;<\/li>\n<\/ul>\n<p>\nIm Rahmen des Dienstes werden zwei grundlegende Arten von Cookies verwendet: &#8222;Session&#8220;-Cookies (Session-Cookies) und &#8222;permanent&#8220;. (dauerhafte Cookies). Session&#8220;-Cookies sind tempor\u00e4re Dateien, die auf dem Endger\u00e4t des Nutzers bis zum Ausloggen, Verlassen der Internetseite oder Ausschalten der Software (Webbrowser) gespeichert werden. &#8222;Permanente&#8220; Cookies, sind solche, die w im Endger\u00e4t des Nutzers f\u00fcr die in den Parametern der Cookies angegebene Zeit oder bis zu ihrer L\u00f6schung durch den Nutzer gespeichert werden.\n<\/p>\n<p>\nInnerhalb des Services werden die folgenden Arten von Cookies verwendet:<\/p>\n<ul>\n<li>&#8222;Notwendige&#8220; Cookies, die die Nutzung der auf der Internetseite verf\u00fcgbaren Dienste erm\u00f6glichen, z. B. Identifizierungs-Cookies, die f\u00fcr Dienste verwendet werden, die eine Identifizierung innerhalb des Services erfordern;<\/li>\n<li>Cookies-Dateien, die zur Gew\u00e4hrleistung der Sicherheit verwendet werden, z.B. zur Erkennung von Missbrauch im Rahmen der Identifizierung im Service;<\/li>\n<li>&#8222;Effizienz&#8220;-Cookies, die das Sammeln von Informationen \u00fcber die Art und Weise der Nutzung der Internetseiten im Service erm\u00f6glichen;<\/li>\n<li>&#8222;Funktionale&#8220; Cookies, die es erm\u00f6glichen, sich an die vom Benutzer gew\u00e4hlten Einstellungen zu &#8222;erinnern&#8220; und die Benutzerschnittstelle zu personalisieren, z. B. im Rahmen der gew\u00e4hlten Sprache oder Region, aus der der Benutzer kommt, der Schriftgr\u00f6\u00dfe, des Erscheinungsbildes der Internetseite usw.;<\/li>\n<li>\u201eWerbung- Cookies, die es erm\u00f6glichen, dem Nutzer Werbeinhalte anzubieten, die seinen Interessen besser entsprechen.<\/li>\n<\/ul>\n<p>\nIn vielen F\u00e4llen erlaubt die zum Surfen im Internet verwendete Software (Internet-Browser) standardm\u00e4\u00dfig die Speicherung von Cookies im Endger\u00e4t des Nutzers. Die Nutzer der Internetseite k\u00f6nnen ihre Einstellungen bez\u00fcglich Cookies jederzeit \u00e4ndern. Diese Einstellungen k\u00f6nnen insbesondere so ge\u00e4ndert werden, dass die automatische Bedienung von Cookies in den Einstellungen Ihres Webbrowsers blockiert wird oder dass sie \u00fcber  Speicherung von Cookies in der Anlage des Nutzers des Services informiert werden. Detaillierte Informationen \u00fcber die M\u00f6glichkeit sowie Art und Weise der Verwendung von Cookies sind in den Einstellungen der Software (Webbrowser) verf\u00fcgbar.\n<\/p>\n<p>\nDer Betreiber des Services weist darauf hin, dass die Einschr\u00e4nkung der Verwendung von Cookies einige der auf der Internetseiten des Services verf\u00fcgbaren Funktionen beeintr\u00e4chtigen kann.\n<\/p>\n<p>\nCookies, die auf dem Endger\u00e4t des Servicenutzers gespeichert und verwendet werden, k\u00f6nnen auch von Werbepartnern und Partnern, die mit dem Servicebetreiber zusammenarbeiten, verwendet werden.\n<\/p>\n<p>\nWeitere Informationen zu Cookies finden Sie unter http:\/\/wszystkoociasteczkach.pl\/ oder im Abschnitt &#8222;Hilfe&#8220; im Men\u00fc Ihres Webbrowsers.\n<\/p>\n    <\/div>\n<\/div>\n<!-- \/module text -->        <\/div>\n                        <\/div>\n        <\/div>\n        <\/div>\n<!--\/themify_builder_content-->","protected":false},"excerpt":{"rendered":"<p>DatenschutzrichtlinieAufgrund des spezifischen Charakters der Internetseiten, die in gewisser Weise als elektronische Datentr\u00e4ger behandelt werden, erkl\u00e4ren wir, dass alle in dieser Datenschutzerkl\u00e4rung beschriebenen Aktivit\u00e4ten dem polnischen Recht entsprechen. Jeder Nutzer dieser Internetseite erkl\u00e4rt sich mit dem Betreten und der freien Nutzung dieser Internetseite freiwillig mit den Bedingungen dieser Datenschutzrichtlinie einverstanden zu sein.Damit die Benutzer dieser [&hellip;]<\/p>\n","protected":false},"author":2,"featured_media":0,"parent":0,"menu_order":0,"comment_status":"closed","ping_status":"open","template":"","meta":{"footnotes":""},"class_list":["post-924","page","type-page","status-publish","hentry","has-post-title","has-post-date","has-post-category","has-post-tag","has-post-comment","has-post-author",""],"yoast_head":"<!-- This site is optimized with the Yoast SEO plugin v27.3 - https:\/\/yoast.com\/product\/yoast-seo-wordpress\/ -->\n<title>Datenschutzrichtlinie - Textildruk<\/title>\n<meta name=\"description\" content=\"Datenschutzrichtlinie - Textildruk\" \/>\n<meta name=\"robots\" content=\"index, follow, max-snippet:-1, max-image-preview:large, max-video-preview:-1\" \/>\n<link rel=\"canonical\" href=\"https:\/\/www.textildruk.pl\/de\/datenschutzrichtlinie\/\" \/>\n<meta property=\"og:locale\" content=\"de_DE\" \/>\n<meta property=\"og:type\" content=\"article\" \/>\n<meta property=\"og:title\" content=\"Datenschutzrichtlinie - Textildruk\" \/>\n<meta property=\"og:description\" content=\"Datenschutzrichtlinie - Textildruk\" \/>\n<meta property=\"og:url\" content=\"https:\/\/www.textildruk.pl\/de\/datenschutzrichtlinie\/\" \/>\n<meta property=\"og:site_name\" content=\"Textildruk\" \/>\n<meta property=\"article:modified_time\" content=\"2021-02-17T09:23:40+00:00\" \/>\n<meta name=\"twitter:card\" content=\"summary_large_image\" \/>\n<script type=\"application\/ld+json\" class=\"yoast-schema-graph\">{\"@context\":\"https:\\\/\\\/schema.org\",\"@graph\":[{\"@type\":\"WebPage\",\"@id\":\"https:\\\/\\\/www.textildruk.pl\\\/de\\\/datenschutzrichtlinie\\\/\",\"url\":\"https:\\\/\\\/www.textildruk.pl\\\/de\\\/datenschutzrichtlinie\\\/\",\"name\":\"Datenschutzrichtlinie - Textildruk\",\"isPartOf\":{\"@id\":\"https:\\\/\\\/www.textildruk.pl\\\/de\\\/#website\"},\"datePublished\":\"2021-02-17T08:59:13+00:00\",\"dateModified\":\"2021-02-17T09:23:40+00:00\",\"description\":\"Datenschutzrichtlinie - Textildruk\",\"breadcrumb\":{\"@id\":\"https:\\\/\\\/www.textildruk.pl\\\/de\\\/datenschutzrichtlinie\\\/#breadcrumb\"},\"inLanguage\":\"de\",\"potentialAction\":[{\"@type\":\"ReadAction\",\"target\":[\"https:\\\/\\\/www.textildruk.pl\\\/de\\\/datenschutzrichtlinie\\\/\"]}]},{\"@type\":\"BreadcrumbList\",\"@id\":\"https:\\\/\\\/www.textildruk.pl\\\/de\\\/datenschutzrichtlinie\\\/#breadcrumb\",\"itemListElement\":[{\"@type\":\"ListItem\",\"position\":1,\"name\":\"Strona g\u0142\u00f3wna\",\"item\":\"https:\\\/\\\/www.textildruk.pl\\\/de\\\/\"},{\"@type\":\"ListItem\",\"position\":2,\"name\":\"Datenschutzrichtlinie\"}]},{\"@type\":\"WebSite\",\"@id\":\"https:\\\/\\\/www.textildruk.pl\\\/de\\\/#website\",\"url\":\"https:\\\/\\\/www.textildruk.pl\\\/de\\\/\",\"name\":\"Textildruk\",\"description\":\"Sitodruk, haft, termotransfer.\",\"potentialAction\":[{\"@type\":\"SearchAction\",\"target\":{\"@type\":\"EntryPoint\",\"urlTemplate\":\"https:\\\/\\\/www.textildruk.pl\\\/de\\\/?s={search_term_string}\"},\"query-input\":{\"@type\":\"PropertyValueSpecification\",\"valueRequired\":true,\"valueName\":\"search_term_string\"}}],\"inLanguage\":\"de\"}]}<\/script>\n<!-- \/ Yoast SEO plugin. -->","yoast_head_json":{"title":"Datenschutzrichtlinie - Textildruk","description":"Datenschutzrichtlinie - Textildruk","robots":{"index":"index","follow":"follow","max-snippet":"max-snippet:-1","max-image-preview":"max-image-preview:large","max-video-preview":"max-video-preview:-1"},"canonical":"https:\/\/www.textildruk.pl\/de\/datenschutzrichtlinie\/","og_locale":"de_DE","og_type":"article","og_title":"Datenschutzrichtlinie - Textildruk","og_description":"Datenschutzrichtlinie - Textildruk","og_url":"https:\/\/www.textildruk.pl\/de\/datenschutzrichtlinie\/","og_site_name":"Textildruk","article_modified_time":"2021-02-17T09:23:40+00:00","twitter_card":"summary_large_image","schema":{"@context":"https:\/\/schema.org","@graph":[{"@type":"WebPage","@id":"https:\/\/www.textildruk.pl\/de\/datenschutzrichtlinie\/","url":"https:\/\/www.textildruk.pl\/de\/datenschutzrichtlinie\/","name":"Datenschutzrichtlinie - Textildruk","isPartOf":{"@id":"https:\/\/www.textildruk.pl\/de\/#website"},"datePublished":"2021-02-17T08:59:13+00:00","dateModified":"2021-02-17T09:23:40+00:00","description":"Datenschutzrichtlinie - Textildruk","breadcrumb":{"@id":"https:\/\/www.textildruk.pl\/de\/datenschutzrichtlinie\/#breadcrumb"},"inLanguage":"de","potentialAction":[{"@type":"ReadAction","target":["https:\/\/www.textildruk.pl\/de\/datenschutzrichtlinie\/"]}]},{"@type":"BreadcrumbList","@id":"https:\/\/www.textildruk.pl\/de\/datenschutzrichtlinie\/#breadcrumb","itemListElement":[{"@type":"ListItem","position":1,"name":"Strona g\u0142\u00f3wna","item":"https:\/\/www.textildruk.pl\/de\/"},{"@type":"ListItem","position":2,"name":"Datenschutzrichtlinie"}]},{"@type":"WebSite","@id":"https:\/\/www.textildruk.pl\/de\/#website","url":"https:\/\/www.textildruk.pl\/de\/","name":"Textildruk","description":"Sitodruk, haft, termotransfer.","potentialAction":[{"@type":"SearchAction","target":{"@type":"EntryPoint","urlTemplate":"https:\/\/www.textildruk.pl\/de\/?s={search_term_string}"},"query-input":{"@type":"PropertyValueSpecification","valueRequired":true,"valueName":"search_term_string"}}],"inLanguage":"de"}]}},"builder_content":"<h1>Datenschutzrichtlinie<\/h1><p>Aufgrund des spezifischen Charakters der Internetseiten, die in gewisser Weise als elektronische Datentr\u00e4ger behandelt werden, erkl\u00e4ren wir, dass alle in dieser Datenschutzerkl\u00e4rung beschriebenen Aktivit\u00e4ten dem polnischen Recht entsprechen. Jeder Nutzer dieser Internetseite erkl\u00e4rt sich mit dem Betreten und der freien Nutzung dieser Internetseite freiwillig mit den Bedingungen dieser Datenschutzrichtlinie einverstanden zu sein.<\/p><p>Damit die Benutzer dieser Internetseite ihre Vorteile voll in Anspruch nehmen k\u00f6nnen, sammelt eine spezielle Software, die im Skript dieser Internetseite installiert ist, bestimmte Informationen, die den Autoren dieser Internetseite als Hilfsmittel zur Modernisierung, Verbesserung und Erweiterung der Funktionalit\u00e4ten dieser Website behilflich sein werden. Alle Angaben werden nur zu Informationszwecken und v\u00f6llig anonym erhoben.<\/p>\n<h3>Wir sammeln folgende Informationen wie:<\/h3> <ul> <li>Informationen, die der Benutzer freiwillig hinterl\u00e4sst (pers\u00f6nliche Daten, E-Mail-Adresse, Kontaktnummer, etc.)<\/li> <li>automatisch erhobene technische Informationen, wie z. B. <ul> <li>Informationen \u00fcber die Ger\u00e4te, die der Benutzer beim Aufrufen und Besuch dieser Internetseite verwendet (Modell oder Typ des Computers, Version des Betriebssystems, IP-Adresse, oder wenn der Benutzer ein Mobiltelefon und einen darauf installierten Webbrowser verwendet, dann auch das Modell des Telefons und der darauf installierten Software)<\/li> <li>Log-Informationen (welche Suchbegriffe der Benutzer in die Suchmaschine eingegeben hat, wie hat er\/sie auf der Seite navigiert)<\/li> <li>Cookies<\/li> <\/ul> <\/li> <li>Informationen \u00fcber den Standort des Benutzers (dank Internetquellen k\u00f6nnen wir die ungef\u00e4hren Standorte, von denen aus auf die Seite zugegriffen wurde, \u00fcberpr\u00fcfen - diese Daten werden ausschlie\u00dflich f\u00fcr statistische Zwecken verwendet)<\/li> <\/ul>\n<p>Alle Informationen werden f\u00fcr statistische und technische Zwecke verwendet. Sie werden niemals f\u00fcr andere Zwecke als die Verbesserung dieser Internetseite verwendet. Das Sammeln solcher Informationen ist dem Wunsch geschuldet, die Qualit\u00e4t aller von uns angebotenen Inhalten und Diensten zu verbessern.<\/p> <p>Der Empf\u00e4nger der Daten ist der Administrator dieser Internetseite. Bei Zweifeln und Fragen wenden Sie sich deswegen bitte an den Administrator.<\/p>\n<h3><b>Google Analytics<\/b><\/h3> <p>Diese Website benutzt Google Analytics, einen Webanalysedienst der Google Inc. (\"Google\").<\/p> <p>Google Analytics verwendet sog. \"Cookies\", Textdateien, die auf Ihrem Computer gespeichert werden und die eine Analyse der Benutzung der Internetseite von Ihnen erm\u00f6glichen. Die in dem Cookie enthaltenen Informationen \u00fcber Ihre Nutzung dieser Internetseite (einschlie\u00dflich Ihrer IP-Adresse) werden an einen Server von Google in den USA \u00fcbertragen und dort gespeichert.<\/p> <p>Google wird diese Informationen benutzen, um die Nutzung der Internetseite von dem Benutzer auszuwerten, Reports \u00fcber die Internetaktivit\u00e4ten f\u00fcr die Internetseitenbetreiber zusammenzustellen und um weitere mit der Nutzung der Internetseiten und der Internetnutzung verbundene Dienstleistungen zu erbringen.<\/p> <p>Auch wird Google diese Informationen gegebenenfalls an Dritte \u00fcbertragen, sofern dies gesetzlich vorgeschrieben ist oder soweit Dritte diese Daten im Auftrag von Google verarbeiten.<\/p> <p>Google wird in keinem Fall die IP-Adresse des Benutzers mit anderen Daten von Google verbinden. Der Benutzer kann die Verwendung von Cookies ablehnen, indem er die entsprechenden Einstellungen in Ihrem Browser vornimmt und aktiviert. Bitte beachten Sie, dass, wenn Sie die Verwendung von Cookies deaktivieren, einige Teile dieser Internetseite m\u00f6glicherweise nicht richtig funktionieren k\u00f6nnen und werden.<\/p> <p>Durch die Nutzung dieser Website erkl\u00e4rt sich der Benutzer mit der Bearbeitung der \u00fcber ihn erhobenen Daten durch Google in der zuvor beschriebenen Art und Weise und zu dem zuvor benannten Zweck einverstanden.<\/p>\n<h3>Cookies-Richtlinie<\/h3> <p> Die f\u00fcr die Internetseite www.textildruk.pl erstellte Cookie-Richtlinie wird im Folgenden kurz als Service bezeichnet. <\/p> <p> Der Service sammelt keine Informationen automatisch, mit Ausnahme der in Cookies-Dateien enthaltenen Informationen. <\/p> <p> Cookies (sog. \"Kekse\") sind IT-Daten, insbesondere Textdateien, die auf dem Endger\u00e4t des Service-Nutzers gespeichert werden und f\u00fcr die Verwendung auf den Internetseiten des Services bestimmt sind. Cookies enthalten in der Regel den Namen der Internetseite, von der sie stammen, den Zeitpunkt der Speicherung auf dem Endger\u00e4t und eine einmalige Nummer. <\/p> <p> Das Unternehmen, das die Cookies-Dateien auf dem Ger\u00e4t des Endbenutzers der Internetseite speichert und zu ihnen den Zugang hat, ist der Betreiber des Services \u2013 die Firma uKONTENTowani, mit Sitz in Zielona G\u00f3ra, \u0141u\u017cycka 17 Strasse, 65-001.<\/p> <p>Cookies werden f\u00fcr folgende Ziele verwendet:<\/p> <ul> <li>Anpassung der Inhalte der Internetseiten an die Pr\u00e4ferenzen des Benutzers und Optimierung der Nutzung der Internetseiten; insbesondere erm\u00f6glichen diese Dateien die Erkennung des Ger\u00e4ts des Benutzers der Internetseite und die entsprechende Pr\u00e4sentation der Internetseite, angepasst an die individuelle Bed\u00fcrfnisse des Benutzers;<\/li> <li>Erstellung von Statistiken, die helfen zu verstehen, wie die Benutzer des Services die Internetseiten benutzen, was die Verbesserung ihrer Struktur und ihrer Inhalten erm\u00f6glicht;<\/li> <li>m\u00f6gliche Erhaltung einer Session des Benutzers in dem Service (nach der Anmeldung), dank derer der Benutzer den Login und Passwort auf jeder untergeordneten Internetseite des Services nicht jedes Mal erneut eingeben muss;<\/li> <\/ul> <p> Im Rahmen des Dienstes werden zwei grundlegende Arten von Cookies verwendet: \"Session\"-Cookies (Session-Cookies) und \"permanent\". (dauerhafte Cookies). Session\"-Cookies sind tempor\u00e4re Dateien, die auf dem Endger\u00e4t des Nutzers bis zum Ausloggen, Verlassen der Internetseite oder Ausschalten der Software (Webbrowser) gespeichert werden. \"Permanente\" Cookies, sind solche, die w im Endger\u00e4t des Nutzers f\u00fcr die in den Parametern der Cookies angegebene Zeit oder bis zu ihrer L\u00f6schung durch den Nutzer gespeichert werden. <\/p> <p> Innerhalb des Services werden die folgenden Arten von Cookies verwendet:<\/p> <ul> <li>\"Notwendige\" Cookies, die die Nutzung der auf der Internetseite verf\u00fcgbaren Dienste erm\u00f6glichen, z. B. Identifizierungs-Cookies, die f\u00fcr Dienste verwendet werden, die eine Identifizierung innerhalb des Services erfordern;<\/li> <li>Cookies-Dateien, die zur Gew\u00e4hrleistung der Sicherheit verwendet werden, z.B. zur Erkennung von Missbrauch im Rahmen der Identifizierung im Service;<\/li> <li>\"Effizienz\"-Cookies, die das Sammeln von Informationen \u00fcber die Art und Weise der Nutzung der Internetseiten im Service erm\u00f6glichen;<\/li> <li>\"Funktionale\" Cookies, die es erm\u00f6glichen, sich an die vom Benutzer gew\u00e4hlten Einstellungen zu \"erinnern\" und die Benutzerschnittstelle zu personalisieren, z. B. im Rahmen der gew\u00e4hlten Sprache oder Region, aus der der Benutzer kommt, der Schriftgr\u00f6\u00dfe, des Erscheinungsbildes der Internetseite usw.;<\/li> <li>\u201eWerbung- Cookies, die es erm\u00f6glichen, dem Nutzer Werbeinhalte anzubieten, die seinen Interessen besser entsprechen.<\/li> <\/ul> <p> In vielen F\u00e4llen erlaubt die zum Surfen im Internet verwendete Software (Internet-Browser) standardm\u00e4\u00dfig die Speicherung von Cookies im Endger\u00e4t des Nutzers. Die Nutzer der Internetseite k\u00f6nnen ihre Einstellungen bez\u00fcglich Cookies jederzeit \u00e4ndern. Diese Einstellungen k\u00f6nnen insbesondere so ge\u00e4ndert werden, dass die automatische Bedienung von Cookies in den Einstellungen Ihres Webbrowsers blockiert wird oder dass sie \u00fcber Speicherung von Cookies in der Anlage des Nutzers des Services informiert werden. Detaillierte Informationen \u00fcber die M\u00f6glichkeit sowie Art und Weise der Verwendung von Cookies sind in den Einstellungen der Software (Webbrowser) verf\u00fcgbar. <\/p> <p> Der Betreiber des Services weist darauf hin, dass die Einschr\u00e4nkung der Verwendung von Cookies einige der auf der Internetseiten des Services verf\u00fcgbaren Funktionen beeintr\u00e4chtigen kann. <\/p> <p> Cookies, die auf dem Endger\u00e4t des Servicenutzers gespeichert und verwendet werden, k\u00f6nnen auch von Werbepartnern und Partnern, die mit dem Servicebetreiber zusammenarbeiten, verwendet werden. <\/p> <p> Weitere Informationen zu Cookies finden Sie unter http:\/\/wszystkoociasteczkach.pl\/ oder im Abschnitt \"Hilfe\" im Men\u00fc Ihres Webbrowsers. <\/p>","_links":{"self":[{"href":"https:\/\/www.textildruk.pl\/de\/wp-json\/wp\/v2\/pages\/924","targetHints":{"allow":["GET"]}}],"collection":[{"href":"https:\/\/www.textildruk.pl\/de\/wp-json\/wp\/v2\/pages"}],"about":[{"href":"https:\/\/www.textildruk.pl\/de\/wp-json\/wp\/v2\/types\/page"}],"author":[{"embeddable":true,"href":"https:\/\/www.textildruk.pl\/de\/wp-json\/wp\/v2\/users\/2"}],"replies":[{"embeddable":true,"href":"https:\/\/www.textildruk.pl\/de\/wp-json\/wp\/v2\/comments?post=924"}],"version-history":[{"count":9,"href":"https:\/\/www.textildruk.pl\/de\/wp-json\/wp\/v2\/pages\/924\/revisions"}],"predecessor-version":[{"id":935,"href":"https:\/\/www.textildruk.pl\/de\/wp-json\/wp\/v2\/pages\/924\/revisions\/935"}],"wp:attachment":[{"href":"https:\/\/www.textildruk.pl\/de\/wp-json\/wp\/v2\/media?parent=924"}],"curies":[{"name":"wp","href":"https:\/\/api.w.org\/{rel}","templated":true}]}}