{"id":878,"date":"2021-02-08T10:55:57","date_gmt":"2021-02-08T09:55:57","guid":{"rendered":"https:\/\/www.eko-rec.pl\/?page_id=878"},"modified":"2021-10-15T15:53:42","modified_gmt":"2021-10-15T13:53:42","slug":"projekte","status":"publish","type":"page","link":"https:\/\/www.textildruk.pl\/de\/projekte\/","title":{"rendered":"Projekte"},"content":{"rendered":"<!--themify_builder_content-->\n<div id=\"themify_builder_content-878\" data-postid=\"878\" class=\"themify_builder_content themify_builder_content-878 themify_builder tf_clear\">\n                    <div  data-css_id=\"0y29678\" data-lazy=\"1\" class=\"module_row themify_builder_row realizations fullwidth_row_container tb_0y29678 tb_first tf_w\">\n                        <div class=\"row_inner col_align_top tb_col_count_1 tf_box tf_rel\">\n                        <div  data-lazy=\"1\" class=\"module_column tb-column col-full tb_klwh681 first\">\n                    <!-- module text -->\n<div  class=\"module module-text tb_v3f5682    wow\" data-tf-animation=\"slideInLeft\" data-tf-animation_delay=\"0.15\" data-lazy=\"1\">\n        <div  class=\"tb_text_wrap\">\n        <h1>Unsere Projekte<\/h1>    <\/div>\n<\/div>\n<!-- \/module text --><!-- module gallery -->\n<div  class=\"module gallery module-gallery tb_5t0v684 layout-grid  \" data-lazy=\"1\">\n    <div class=\"module-gallery-grid\" style=\"--gald:3;--galt:2;--galm:2\">\n            <dl class=\"gallery-item\">\n            <dt class=\"gallery-icon\">\n            <a data-title=\"no\" title=\"Comupterstickerei\" href=\"https:\/\/www.textildruk.pl\/wp-content\/uploads\/2021\/08\/haft-komputerowy-na-koszulkach.jpg\" data-rel=\"tb_5t0v684\" class=\"themify_lightbox\"><img loading=\"lazy\" decoding=\"async\" width=\"600\" height=\"600\" src=\"https:\/\/www.textildruk.pl\/wp-content\/uploads\/2021\/08\/haft-komputerowy-na-koszulkach.jpg\" class=\"wp-post-image wp-image-1209\" title=\"Comupterstickerei \u2013 T-Shirt Aufdruck\" alt=\"Comupterstickerei \u2013 T-Shirt Aufdruck\" srcset=\"https:\/\/www.textildruk.pl\/wp-content\/uploads\/2021\/08\/haft-komputerowy-na-koszulkach.jpg 600w, https:\/\/www.textildruk.pl\/wp-content\/uploads\/2021\/08\/haft-komputerowy-na-koszulkach-300x300.jpg 300w, https:\/\/www.textildruk.pl\/wp-content\/uploads\/2021\/08\/haft-komputerowy-na-koszulkach-150x150.jpg 150w\" sizes=\"auto, (max-width: 600px) 100vw, 600px\" \/><\/a>            <\/dt>\n             \n                <dd class=\"wp-caption-text gallery-caption\">\n                                                                <span class=\"themify_image_caption\">Comupterstickerei<\/span>\n                                    <\/dd>\n                    <\/dl>\n            <dl class=\"gallery-item\">\n            <dt class=\"gallery-icon\">\n            <a data-title=\"no\" title=\"Comupterstickerei\" href=\"https:\/\/www.textildruk.pl\/wp-content\/uploads\/2021\/08\/nadruk-haft.jpg\" data-rel=\"tb_5t0v684\" class=\"themify_lightbox\"><img loading=\"lazy\" decoding=\"async\" width=\"600\" height=\"600\" src=\"https:\/\/www.textildruk.pl\/wp-content\/uploads\/2021\/08\/nadruk-haft.jpg\" class=\"wp-post-image wp-image-1211\" title=\"Aufdruck Stickerei\" alt=\"Aufdruck Stickerei\" srcset=\"https:\/\/www.textildruk.pl\/wp-content\/uploads\/2021\/08\/nadruk-haft.jpg 600w, https:\/\/www.textildruk.pl\/wp-content\/uploads\/2021\/08\/nadruk-haft-300x300.jpg 300w, https:\/\/www.textildruk.pl\/wp-content\/uploads\/2021\/08\/nadruk-haft-150x150.jpg 150w\" sizes=\"auto, (max-width: 600px) 100vw, 600px\" \/><\/a>            <\/dt>\n             \n                <dd class=\"wp-caption-text gallery-caption\">\n                                                                <span class=\"themify_image_caption\">Comupterstickerei<\/span>\n                                    <\/dd>\n                    <\/dl>\n            <dl class=\"gallery-item\">\n            <dt class=\"gallery-icon\">\n            <a data-title=\"no\" title=\"Comupterstickerei\" href=\"https:\/\/www.textildruk.pl\/wp-content\/uploads\/2021\/08\/nadruk-na-koszulce-haft-komputerowy.jpg\" data-rel=\"tb_5t0v684\" class=\"themify_lightbox\"><img loading=\"lazy\" decoding=\"async\" width=\"600\" height=\"600\" src=\"https:\/\/www.textildruk.pl\/wp-content\/uploads\/2021\/08\/nadruk-na-koszulce-haft-komputerowy.jpg\" class=\"wp-post-image wp-image-1213\" title=\"T-Shirt bedrucken \u2013 Computerstickerei\" alt=\"T-Shirt bedrucken \u2013 Computerstickerei\" srcset=\"https:\/\/www.textildruk.pl\/wp-content\/uploads\/2021\/08\/nadruk-na-koszulce-haft-komputerowy.jpg 600w, https:\/\/www.textildruk.pl\/wp-content\/uploads\/2021\/08\/nadruk-na-koszulce-haft-komputerowy-300x300.jpg 300w, https:\/\/www.textildruk.pl\/wp-content\/uploads\/2021\/08\/nadruk-na-koszulce-haft-komputerowy-150x150.jpg 150w\" sizes=\"auto, (max-width: 600px) 100vw, 600px\" \/><\/a>            <\/dt>\n             \n                <dd class=\"wp-caption-text gallery-caption\">\n                                                                <span class=\"themify_image_caption\">Comupterstickerei<\/span>\n                                    <\/dd>\n                    <\/dl>\n            <dl class=\"gallery-item\">\n            <dt class=\"gallery-icon\">\n            <a data-title=\"no\" title=\"Farbseparation \u2013 Siebdruck \u2013 6 Farben\" href=\"https:\/\/www.textildruk.pl\/wp-content\/uploads\/2021\/08\/separacja-sitodruk-6-kolorow.jpg\" data-rel=\"tb_5t0v684\" class=\"themify_lightbox\"><img loading=\"lazy\" decoding=\"async\" width=\"600\" height=\"600\" src=\"https:\/\/www.textildruk.pl\/wp-content\/uploads\/2021\/08\/separacja-sitodruk-6-kolorow.jpg\" class=\"wp-post-image wp-image-1215\" title=\"Farbseparation \u2013 Siebdruck \u2013 6 Farben\" alt=\"Farbseparation \u2013 Siebdruck \u2013 6 Farben\" srcset=\"https:\/\/www.textildruk.pl\/wp-content\/uploads\/2021\/08\/separacja-sitodruk-6-kolorow.jpg 600w, https:\/\/www.textildruk.pl\/wp-content\/uploads\/2021\/08\/separacja-sitodruk-6-kolorow-300x300.jpg 300w, https:\/\/www.textildruk.pl\/wp-content\/uploads\/2021\/08\/separacja-sitodruk-6-kolorow-150x150.jpg 150w\" sizes=\"auto, (max-width: 600px) 100vw, 600px\" \/><\/a>            <\/dt>\n             \n                <dd class=\"wp-caption-text gallery-caption\">\n                                                                <span class=\"themify_image_caption\">Farbseparation \u2013 Siebdruck \u2013 6 Farben<\/span>\n                                    <\/dd>\n                    <\/dl>\n            <dl class=\"gallery-item\">\n            <dt class=\"gallery-icon\">\n            <a data-title=\"no\" title=\"Siebruck auf pulverbeschichtetem Aluminium\" href=\"https:\/\/www.textildruk.pl\/wp-content\/uploads\/2021\/08\/sitodruk-na-aluminim-malowanym-proszkowo.jpg\" data-rel=\"tb_5t0v684\" class=\"themify_lightbox\"><img loading=\"lazy\" decoding=\"async\" width=\"600\" height=\"600\" src=\"https:\/\/www.textildruk.pl\/wp-content\/uploads\/2021\/08\/sitodruk-na-aluminim-malowanym-proszkowo.jpg\" class=\"wp-post-image wp-image-1217\" title=\"Siebruck auf pulverbeschichtetem Aluminium\" alt=\"Siebruck auf pulverbeschichtetem Aluminium\" srcset=\"https:\/\/www.textildruk.pl\/wp-content\/uploads\/2021\/08\/sitodruk-na-aluminim-malowanym-proszkowo.jpg 600w, https:\/\/www.textildruk.pl\/wp-content\/uploads\/2021\/08\/sitodruk-na-aluminim-malowanym-proszkowo-300x300.jpg 300w, https:\/\/www.textildruk.pl\/wp-content\/uploads\/2021\/08\/sitodruk-na-aluminim-malowanym-proszkowo-150x150.jpg 150w\" sizes=\"auto, (max-width: 600px) 100vw, 600px\" \/><\/a>            <\/dt>\n             \n                <dd class=\"wp-caption-text gallery-caption\">\n                                                                <span class=\"themify_image_caption\">Siebruck auf pulverbeschichtetem Aluminium<\/span>\n                                    <\/dd>\n                    <\/dl>\n            <dl class=\"gallery-item\">\n            <dt class=\"gallery-icon\">\n            <a data-title=\"no\" title=\"Siebdruck auf Priplak\" href=\"https:\/\/www.textildruk.pl\/wp-content\/uploads\/2021\/08\/sitodruk-na-materiale-priplack.jpg\" data-rel=\"tb_5t0v684\" class=\"themify_lightbox\"><img loading=\"lazy\" decoding=\"async\" width=\"600\" height=\"600\" src=\"https:\/\/www.textildruk.pl\/wp-content\/uploads\/2021\/08\/sitodruk-na-materiale-priplack.jpg\" class=\"wp-post-image wp-image-1219\" title=\"Siebdruck auf Priplak\" alt=\"Siebdruck auf Priplak\" srcset=\"https:\/\/www.textildruk.pl\/wp-content\/uploads\/2021\/08\/sitodruk-na-materiale-priplack.jpg 600w, https:\/\/www.textildruk.pl\/wp-content\/uploads\/2021\/08\/sitodruk-na-materiale-priplack-300x300.jpg 300w, https:\/\/www.textildruk.pl\/wp-content\/uploads\/2021\/08\/sitodruk-na-materiale-priplack-150x150.jpg 150w\" sizes=\"auto, (max-width: 600px) 100vw, 600px\" \/><\/a>            <\/dt>\n             \n                <dd class=\"wp-caption-text gallery-caption\">\n                                                                <span class=\"themify_image_caption\">Siebdruck auf Priplak<\/span>\n                                    <\/dd>\n                    <\/dl>\n            <dl class=\"gallery-item\">\n            <dt class=\"gallery-icon\">\n            <a data-title=\"no\" title=\"Siebdruck auf Jutebeutel\" href=\"https:\/\/www.textildruk.pl\/wp-content\/uploads\/2021\/08\/sitodruk-na-torbie-jutowej.jpg\" data-rel=\"tb_5t0v684\" class=\"themify_lightbox\"><img loading=\"lazy\" decoding=\"async\" width=\"600\" height=\"600\" src=\"https:\/\/www.textildruk.pl\/wp-content\/uploads\/2021\/08\/sitodruk-na-torbie-jutowej.jpg\" class=\"wp-post-image wp-image-1221\" title=\"Siebdruck auf Jutebeutel\" alt=\"Siebdruck auf Jutebeutel\" srcset=\"https:\/\/www.textildruk.pl\/wp-content\/uploads\/2021\/08\/sitodruk-na-torbie-jutowej.jpg 600w, https:\/\/www.textildruk.pl\/wp-content\/uploads\/2021\/08\/sitodruk-na-torbie-jutowej-300x300.jpg 300w, https:\/\/www.textildruk.pl\/wp-content\/uploads\/2021\/08\/sitodruk-na-torbie-jutowej-150x150.jpg 150w\" sizes=\"auto, (max-width: 600px) 100vw, 600px\" \/><\/a>            <\/dt>\n             \n                <dd class=\"wp-caption-text gallery-caption\">\n                                                                <span class=\"themify_image_caption\">Siebdruck auf Jutebeutel<\/span>\n                                    <\/dd>\n                    <\/dl>\n            <dl class=\"gallery-item\">\n            <dt class=\"gallery-icon\">\n            <a data-title=\"no\" title=\"Digitaler Thermotransfer\" href=\"https:\/\/www.textildruk.pl\/wp-content\/uploads\/2021\/08\/termotransfer-cyfrowy.jpg\" data-rel=\"tb_5t0v684\" class=\"themify_lightbox\"><img loading=\"lazy\" decoding=\"async\" width=\"600\" height=\"600\" src=\"https:\/\/www.textildruk.pl\/wp-content\/uploads\/2021\/08\/termotransfer-cyfrowy.jpg\" class=\"wp-post-image wp-image-1223\" title=\"Digitaler Thermotransfer\" alt=\"Digitaler Thermotransfer\" srcset=\"https:\/\/www.textildruk.pl\/wp-content\/uploads\/2021\/08\/termotransfer-cyfrowy.jpg 600w, https:\/\/www.textildruk.pl\/wp-content\/uploads\/2021\/08\/termotransfer-cyfrowy-300x300.jpg 300w, https:\/\/www.textildruk.pl\/wp-content\/uploads\/2021\/08\/termotransfer-cyfrowy-150x150.jpg 150w\" sizes=\"auto, (max-width: 600px) 100vw, 600px\" \/><\/a>            <\/dt>\n             \n                <dd class=\"wp-caption-text gallery-caption\">\n                                                                <span class=\"themify_image_caption\">Digitaler Thermotransfer<\/span>\n                                    <\/dd>\n                    <\/dl>\n            <dl class=\"gallery-item\">\n            <dt class=\"gallery-icon\">\n            <a data-title=\"no\" title=\"Siebdruck - Thermotransfer\" href=\"https:\/\/www.textildruk.pl\/wp-content\/uploads\/2021\/08\/termotransfer-sitodrukowy.jpg\" data-rel=\"tb_5t0v684\" class=\"themify_lightbox\"><img loading=\"lazy\" decoding=\"async\" width=\"600\" height=\"600\" src=\"https:\/\/www.textildruk.pl\/wp-content\/uploads\/2021\/08\/termotransfer-sitodrukowy.jpg\" class=\"wp-post-image wp-image-1225\" title=\"Siebdruck - Thermotransfer\" alt=\"Siebdruck - Thermotransfer\" srcset=\"https:\/\/www.textildruk.pl\/wp-content\/uploads\/2021\/08\/termotransfer-sitodrukowy.jpg 600w, https:\/\/www.textildruk.pl\/wp-content\/uploads\/2021\/08\/termotransfer-sitodrukowy-300x300.jpg 300w, https:\/\/www.textildruk.pl\/wp-content\/uploads\/2021\/08\/termotransfer-sitodrukowy-150x150.jpg 150w\" sizes=\"auto, (max-width: 600px) 100vw, 600px\" \/><\/a>            <\/dt>\n             \n                <dd class=\"wp-caption-text gallery-caption\">\n                                                                <span class=\"themify_image_caption\">Siebdruck - Thermotransfer<\/span>\n                                    <\/dd>\n                    <\/dl>\n            <dl class=\"gallery-item\">\n            <dt class=\"gallery-icon\">\n            <a data-title=\"no\" title=\"Siebdruck - Transfer\" href=\"https:\/\/www.textildruk.pl\/wp-content\/uploads\/2021\/08\/transfer-sitodrukowy.jpg\" data-rel=\"tb_5t0v684\" class=\"themify_lightbox\"><img loading=\"lazy\" decoding=\"async\" width=\"600\" height=\"600\" src=\"https:\/\/www.textildruk.pl\/wp-content\/uploads\/2021\/08\/transfer-sitodrukowy.jpg\" class=\"wp-post-image wp-image-1227\" title=\"Siebdruck - Transfer\" alt=\"Siebdruck - Transfer\" srcset=\"https:\/\/www.textildruk.pl\/wp-content\/uploads\/2021\/08\/transfer-sitodrukowy.jpg 600w, https:\/\/www.textildruk.pl\/wp-content\/uploads\/2021\/08\/transfer-sitodrukowy-300x300.jpg 300w, https:\/\/www.textildruk.pl\/wp-content\/uploads\/2021\/08\/transfer-sitodrukowy-150x150.jpg 150w\" sizes=\"auto, (max-width: 600px) 100vw, 600px\" \/><\/a>            <\/dt>\n             \n                <dd class=\"wp-caption-text gallery-caption\">\n                                                                <span class=\"themify_image_caption\">Siebdruck - Transfer<\/span>\n                                    <\/dd>\n                    <\/dl>\n    <\/div>\n<\/div>\n<!-- \/module gallery -->        <\/div>\n                        <\/div>\n        <\/div>\n        <\/div>\n<!--\/themify_builder_content-->","protected":false},"excerpt":{"rendered":"<p>Unsere Projekte<\/p>\n","protected":false},"author":2,"featured_media":0,"parent":0,"menu_order":4,"comment_status":"closed","ping_status":"closed","template":"","meta":{"footnotes":""},"class_list":["post-878","page","type-page","status-publish","hentry","has-post-title","has-post-date","has-post-category","has-post-tag","has-post-comment","has-post-author",""],"yoast_head":"<!-- This site is optimized with the Yoast SEO plugin v27.3 - https:\/\/yoast.com\/product\/yoast-seo-wordpress\/ -->\n<title>Kleidung und Zubeh\u00f6r mit Aufdruck. Schau mal, wie die von uns verwirklichten Projekte aussehen!<\/title>\n<meta name=\"description\" content=\"Topqualit\u00e4t-Kleidung bedruckt mit Hilfe von Thermotransfer, Computerstickerei und Siebdruck.Mach von unserer langj\u00e4hrigen Erfahrung Gebrauch\" \/>\n<meta name=\"robots\" content=\"index, follow, max-snippet:-1, max-image-preview:large, max-video-preview:-1\" \/>\n<link rel=\"canonical\" href=\"https:\/\/www.textildruk.pl\/de\/projekte\/\" \/>\n<meta property=\"og:locale\" content=\"de_DE\" \/>\n<meta property=\"og:type\" content=\"article\" \/>\n<meta property=\"og:title\" content=\"Kleidung und Zubeh\u00f6r mit Aufdruck. Schau mal, wie die von uns verwirklichten Projekte aussehen!\" \/>\n<meta property=\"og:description\" content=\"Topqualit\u00e4t-Kleidung bedruckt mit Hilfe von Thermotransfer, Computerstickerei und Siebdruck.Mach von unserer langj\u00e4hrigen Erfahrung Gebrauch\" \/>\n<meta property=\"og:url\" content=\"https:\/\/www.textildruk.pl\/de\/projekte\/\" \/>\n<meta property=\"og:site_name\" content=\"Textildruk\" \/>\n<meta property=\"article:modified_time\" content=\"2021-10-15T13:53:42+00:00\" \/>\n<meta name=\"twitter:card\" content=\"summary_large_image\" \/>\n<script type=\"application\/ld+json\" class=\"yoast-schema-graph\">{\"@context\":\"https:\\\/\\\/schema.org\",\"@graph\":[{\"@type\":\"WebPage\",\"@id\":\"https:\\\/\\\/www.textildruk.pl\\\/de\\\/projekte\\\/\",\"url\":\"https:\\\/\\\/www.textildruk.pl\\\/de\\\/projekte\\\/\",\"name\":\"Kleidung und Zubeh\u00f6r mit Aufdruck. Schau mal, wie die von uns verwirklichten Projekte aussehen!\",\"isPartOf\":{\"@id\":\"https:\\\/\\\/www.textildruk.pl\\\/de\\\/#website\"},\"datePublished\":\"2021-02-08T09:55:57+00:00\",\"dateModified\":\"2021-10-15T13:53:42+00:00\",\"description\":\"Topqualit\u00e4t-Kleidung bedruckt mit Hilfe von Thermotransfer, Computerstickerei und Siebdruck.Mach von unserer langj\u00e4hrigen Erfahrung Gebrauch\",\"breadcrumb\":{\"@id\":\"https:\\\/\\\/www.textildruk.pl\\\/de\\\/projekte\\\/#breadcrumb\"},\"inLanguage\":\"de\",\"potentialAction\":[{\"@type\":\"ReadAction\",\"target\":[\"https:\\\/\\\/www.textildruk.pl\\\/de\\\/projekte\\\/\"]}]},{\"@type\":\"BreadcrumbList\",\"@id\":\"https:\\\/\\\/www.textildruk.pl\\\/de\\\/projekte\\\/#breadcrumb\",\"itemListElement\":[{\"@type\":\"ListItem\",\"position\":1,\"name\":\"Strona g\u0142\u00f3wna\",\"item\":\"https:\\\/\\\/www.textildruk.pl\\\/de\\\/\"},{\"@type\":\"ListItem\",\"position\":2,\"name\":\"Projekte\"}]},{\"@type\":\"WebSite\",\"@id\":\"https:\\\/\\\/www.textildruk.pl\\\/de\\\/#website\",\"url\":\"https:\\\/\\\/www.textildruk.pl\\\/de\\\/\",\"name\":\"Textildruk\",\"description\":\"Sitodruk, haft, termotransfer.\",\"potentialAction\":[{\"@type\":\"SearchAction\",\"target\":{\"@type\":\"EntryPoint\",\"urlTemplate\":\"https:\\\/\\\/www.textildruk.pl\\\/de\\\/?s={search_term_string}\"},\"query-input\":{\"@type\":\"PropertyValueSpecification\",\"valueRequired\":true,\"valueName\":\"search_term_string\"}}],\"inLanguage\":\"de\"}]}<\/script>\n<!-- \/ Yoast SEO plugin. -->","yoast_head_json":{"title":"Kleidung und Zubeh\u00f6r mit Aufdruck. Schau mal, wie die von uns verwirklichten Projekte aussehen!","description":"Topqualit\u00e4t-Kleidung bedruckt mit Hilfe von Thermotransfer, Computerstickerei und Siebdruck.Mach von unserer langj\u00e4hrigen Erfahrung Gebrauch","robots":{"index":"index","follow":"follow","max-snippet":"max-snippet:-1","max-image-preview":"max-image-preview:large","max-video-preview":"max-video-preview:-1"},"canonical":"https:\/\/www.textildruk.pl\/de\/projekte\/","og_locale":"de_DE","og_type":"article","og_title":"Kleidung und Zubeh\u00f6r mit Aufdruck. Schau mal, wie die von uns verwirklichten Projekte aussehen!","og_description":"Topqualit\u00e4t-Kleidung bedruckt mit Hilfe von Thermotransfer, Computerstickerei und Siebdruck.Mach von unserer langj\u00e4hrigen Erfahrung Gebrauch","og_url":"https:\/\/www.textildruk.pl\/de\/projekte\/","og_site_name":"Textildruk","article_modified_time":"2021-10-15T13:53:42+00:00","twitter_card":"summary_large_image","schema":{"@context":"https:\/\/schema.org","@graph":[{"@type":"WebPage","@id":"https:\/\/www.textildruk.pl\/de\/projekte\/","url":"https:\/\/www.textildruk.pl\/de\/projekte\/","name":"Kleidung und Zubeh\u00f6r mit Aufdruck. Schau mal, wie die von uns verwirklichten Projekte aussehen!","isPartOf":{"@id":"https:\/\/www.textildruk.pl\/de\/#website"},"datePublished":"2021-02-08T09:55:57+00:00","dateModified":"2021-10-15T13:53:42+00:00","description":"Topqualit\u00e4t-Kleidung bedruckt mit Hilfe von Thermotransfer, Computerstickerei und Siebdruck.Mach von unserer langj\u00e4hrigen Erfahrung Gebrauch","breadcrumb":{"@id":"https:\/\/www.textildruk.pl\/de\/projekte\/#breadcrumb"},"inLanguage":"de","potentialAction":[{"@type":"ReadAction","target":["https:\/\/www.textildruk.pl\/de\/projekte\/"]}]},{"@type":"BreadcrumbList","@id":"https:\/\/www.textildruk.pl\/de\/projekte\/#breadcrumb","itemListElement":[{"@type":"ListItem","position":1,"name":"Strona g\u0142\u00f3wna","item":"https:\/\/www.textildruk.pl\/de\/"},{"@type":"ListItem","position":2,"name":"Projekte"}]},{"@type":"WebSite","@id":"https:\/\/www.textildruk.pl\/de\/#website","url":"https:\/\/www.textildruk.pl\/de\/","name":"Textildruk","description":"Sitodruk, haft, termotransfer.","potentialAction":[{"@type":"SearchAction","target":{"@type":"EntryPoint","urlTemplate":"https:\/\/www.textildruk.pl\/de\/?s={search_term_string}"},"query-input":{"@type":"PropertyValueSpecification","valueRequired":true,"valueName":"search_term_string"}}],"inLanguage":"de"}]}},"builder_content":"<h1>Unsere Projekte<\/h1>\n[gallery size=\"full\" ids=\"1208,1210,1212,1214,1216,1218,1220,1222,1224,1226\"]","_links":{"self":[{"href":"https:\/\/www.textildruk.pl\/de\/wp-json\/wp\/v2\/pages\/878","targetHints":{"allow":["GET"]}}],"collection":[{"href":"https:\/\/www.textildruk.pl\/de\/wp-json\/wp\/v2\/pages"}],"about":[{"href":"https:\/\/www.textildruk.pl\/de\/wp-json\/wp\/v2\/types\/page"}],"author":[{"embeddable":true,"href":"https:\/\/www.textildruk.pl\/de\/wp-json\/wp\/v2\/users\/2"}],"replies":[{"embeddable":true,"href":"https:\/\/www.textildruk.pl\/de\/wp-json\/wp\/v2\/comments?post=878"}],"version-history":[{"count":7,"href":"https:\/\/www.textildruk.pl\/de\/wp-json\/wp\/v2\/pages\/878\/revisions"}],"predecessor-version":[{"id":1444,"href":"https:\/\/www.textildruk.pl\/de\/wp-json\/wp\/v2\/pages\/878\/revisions\/1444"}],"wp:attachment":[{"href":"https:\/\/www.textildruk.pl\/de\/wp-json\/wp\/v2\/media?parent=878"}],"curies":[{"name":"wp","href":"https:\/\/api.w.org\/{rel}","templated":true}]}}