{"id":804,"date":"2021-02-05T14:41:36","date_gmt":"2021-02-05T13:41:36","guid":{"rendered":"https:\/\/www.eko-rec.pl\/?page_id=804"},"modified":"2021-10-15T15:48:50","modified_gmt":"2021-10-15T13:48:50","slug":"aufdruckstechnologien","status":"publish","type":"page","link":"https:\/\/www.textildruk.pl\/de\/aufdruckstechnologien\/","title":{"rendered":"Aufdruckstechnologien"},"content":{"rendered":"<!--themify_builder_content-->\n<div id=\"themify_builder_content-804\" data-postid=\"804\" class=\"themify_builder_content themify_builder_content-804 themify_builder tf_clear\">\n                    <div  data-css_id=\"e2o2479\" data-lazy=\"1\" class=\"module_row themify_builder_row technology-full fullwidth_row_container tb_e2o2479 tb_first tf_w\">\n                        <div class=\"row_inner col_align_top tb_col_count_1 tf_box tf_rel\">\n                        <div  data-lazy=\"1\" class=\"module_column tb-column col-full tb_f3pi486 about-gallery first\">\n                    <!-- module text -->\n<div  class=\"module module-text tb_s1d4488 text   wow\" data-tf-animation=\"slideInLeft\" data-tf-animation_delay=\"0.15\" data-lazy=\"1\">\n        <div  class=\"tb_text_wrap\">\n        <h1>Kleidung bedrucken<\/h1>\n<p>Je nach der Produktart (Gr\u00f6\u00dfe, Form usw.) und dessen Bestandteilen (Material), erfordert der Aufdruck eine bestimmte Methode, um einen erfolgreichen Effekt zu erzielen. Bei Textildruck personalisieren wir Textilien unter Benutzung von Siebdruck, Computerstickerei sowie Thermotransfer. <br>Die Drucktechnik passen wir jedes Mal an Deine Erwartungen und Bed\u00fcrfnisse an. Entscheidend ist dabei auch die Projektspezifik, d.h. wir bem\u00fchen uns um Langlebigkeit sowie exakte Wiedergabe von Farben und Details, wenn wir die Kleidung bedrucken. Indem Du mit uns zusammenarbeitest, profitierst Du von einem komplett ausgestatteten, hochmodernen Druckmaschinenpark, der sich f\u00fcr optimales Online-Drucken perfekt eignet.<\/p>    <\/div>\n<\/div>\n<!-- \/module text -->        <\/div>\n                        <\/div>\n        <\/div>\n                        <div  data-css_id=\"p7ge480\" data-lazy=\"1\" class=\"module_row themify_builder_row technology first fullwidth_row_container tb_p7ge480 tf_w\">\n                        <div class=\"row_inner col_align_top tb_col_count_2 tf_box tf_rel\">\n                        <div  data-lazy=\"1\" class=\"module_column tb-column col4-2 tb_2dw6494 about first\">\n                    <!-- module text -->\n<div  class=\"module module-text tb_e4rc495   \" data-lazy=\"1\">\n        <div  class=\"tb_text_wrap\">\n        <h3>Siebdruck Verfahren<\/h3>\n<p>Das Siebdruck Verfahren ist eine Druckmethode zur Anfertigung von speziellen Aufgaben. Sie ist sowohl beim goldenen, silbernen Aufdruck als auch bei Entw\u00fcrfen mit tonalen \u00dcberg\u00e4ngen ideal anwendbar. Sie tr\u00e4gt zum topqualitativen Decken bei, gibt im Endeffekt sehr deutliche Farben und sorgt f\u00fcr hohe Festigkeit von kleineren wie auch gr\u00f6\u00dferen Aufdr\u00fccken beinahe auf jedem Stoff.<\/p>    <\/div>\n<\/div>\n<!-- \/module text --><!-- module buttons -->\n<div  class=\"module module-buttons tb_num3497 buttons-horizontal solid subpage buttons-fullwidth\" data-lazy=\"1\">\n        <div class=\"module-buttons-item tf_in_flx\">\n                        <a href=\"\/de\/aufdruckstechnologien\/siebdruck\/\" class=\"ui builder_button tf_in_flx tb_default_color\" >\n                                                Siebdruck                                        <\/a>\n                <\/div>\n            <\/div>\n<!-- \/module buttons -->\n        <\/div>\n                    <div  data-lazy=\"1\" class=\"module_column tb-column col4-2 tb_w4c8498 last\">\n                    <!-- module image -->\n<div  class=\"module module-image tb_y87i499 image-center   auto_fullwidth tf_mw\" data-lazy=\"1\">\n        <div class=\"image-wrap tf_rel tf_mw\">\n            <img loading=\"lazy\" decoding=\"async\" src=\"\/wp-content\/uploads\/2021\/02\/siebdruck-methode-1.jpg\" width=\"557\" height=\"371\" alt=\"siebdruck verfahren\">    \n        <\/div>\n    <!-- \/image-wrap -->\n    \n        <\/div>\n<!-- \/module image -->        <\/div>\n                        <\/div>\n        <\/div>\n                        <div  data-css_id=\"outs480\" data-lazy=\"1\" class=\"module_row themify_builder_row technology fullwidth_row_container tb_outs480 tf_w\">\n                        <div class=\"row_inner col_align_top tb_col_count_2 tf_box tf_rel\">\n                        <div  data-lazy=\"1\" class=\"module_column tb-column col4-2 tb_fpf5500 about first\">\n                    <!-- module text -->\n<div  class=\"module module-text tb_s2jm500   \" data-lazy=\"1\">\n        <div  class=\"tb_text_wrap\">\n        <h3>Computerstickerei<\/h3>\n<p>Die Computerstickerei ist f\u00fcr uns wahrlich eine Know-How-Technik, die wir perfekt beherrschen. Diese Methode der Stoffverzierung verleiht Deinem Firmenzubeh\u00f6r, wie etwa Logo oder Firmenname, bzw. Deinen Werbeartikeln ein edles, unvergessliches Aussehen. Dies wiederum garantiert ein erstklassiges Branding und einen einzigartigen visuellen Effekt.<\/p>    <\/div>\n<\/div>\n<!-- \/module text --><!-- module buttons -->\n<div  class=\"module module-buttons tb_k946501 buttons-horizontal solid subpage buttons-fullwidth\" data-lazy=\"1\">\n        <div class=\"module-buttons-item tf_in_flx\">\n                        <a href=\"\/de\/aufdruckstechnologien\/stickerei\" class=\"ui builder_button tf_in_flx tb_default_color\" >\n                                                Computerstickerei                                        <\/a>\n                <\/div>\n            <\/div>\n<!-- \/module buttons -->\n        <\/div>\n                    <div  data-lazy=\"1\" class=\"module_column tb-column col4-2 tb_lzzo501 last\">\n                    <!-- module image -->\n<div  class=\"module module-image tb_ilz2502 image-center   tf_mw\" data-lazy=\"1\">\n        <div class=\"image-wrap tf_rel tf_mw\">\n            <img loading=\"lazy\" decoding=\"async\" src=\"\/wp-content\/uploads\/2021\/02\/aufdruck-auf-tshirts-1.png\" width=\"350\" height=\"350\" alt=\"stickereimethode\">    \n        <\/div>\n    <!-- \/image-wrap -->\n    \n        <\/div>\n<!-- \/module image -->        <\/div>\n                        <\/div>\n        <\/div>\n                        <div  data-css_id=\"utsb481\" data-lazy=\"1\" class=\"module_row themify_builder_row technology fullwidth_row_container tb_utsb481 tf_w\">\n                        <div class=\"row_inner direction_rtl col_align_top tb_col_count_2 tf_box tf_rel\">\n                        <div  data-lazy=\"1\" class=\"module_column tb-column col4-2 tb_8gvz504 first\">\n                    <!-- module image -->\n<div  class=\"module module-image tb_wj92504 image-top   tf_mw\" data-lazy=\"1\">\n        <div class=\"image-wrap tf_rel tf_mw\">\n            <img loading=\"lazy\" decoding=\"async\" src=\"\/wp-content\/uploads\/2021\/02\/stickerei-methode-1.png\" width=\"557\" height=\"371\" alt=\"thermotransferdruck\">    \n        <\/div>\n    <!-- \/image-wrap -->\n    \n        <\/div>\n<!-- \/module image -->        <\/div>\n                    <div  data-lazy=\"1\" class=\"module_column tb-column col4-2 tb_1vi6503 about last\">\n                    <!-- module text -->\n<div  class=\"module module-text tb_3zbu503   \" data-lazy=\"1\">\n        <div  class=\"tb_text_wrap\">\n        <h3>Thermotransferdruck<\/h3>\n<p>Der Thermotransferdruck bietet beste Aufdruck-Qualit\u00e4t mit einer hohen Druckaufl\u00f6sung bei einem wirklich attraktiven Preis-Leistungs-Verh\u00e4ltnis. Diese Technik ist besonders f\u00fcr gr\u00f6\u00dfere Auflagen zu empfehlen, wenn Topqualit\u00e4t und Langlebigkeit relevant sind.<\/p>    <\/div>\n<\/div>\n<!-- \/module text --><!-- module buttons -->\n<div  class=\"module module-buttons tb_adg1504 buttons-horizontal solid subpage buttons-fullwidth\" data-lazy=\"1\">\n        <div class=\"module-buttons-item tf_in_flx\">\n                        <a href=\"\/de\/aufdruckstechnologien\/thermotransferverfahren\" class=\"ui builder_button tf_in_flx tb_default_color\" >\n                                                Thermotransferdruck                                        <\/a>\n                <\/div>\n            <\/div>\n<!-- \/module buttons -->\n        <\/div>\n                        <\/div>\n        <\/div>\n        <\/div>\n<!--\/themify_builder_content-->","protected":false},"excerpt":{"rendered":"<p>Kleidung bedrucken Je nach der Produktart (Gr\u00f6\u00dfe, Form usw.) und dessen Bestandteilen (Material), erfordert der Aufdruck eine bestimmte Methode, um einen erfolgreichen Effekt zu erzielen. Bei Textildruck personalisieren wir Textilien unter Benutzung von Siebdruck, Computerstickerei sowie Thermotransfer. Die Drucktechnik passen wir jedes Mal an Deine Erwartungen und Bed\u00fcrfnisse an. Entscheidend ist dabei auch die Projektspezifik, [&hellip;]<\/p>\n","protected":false},"author":2,"featured_media":0,"parent":0,"menu_order":3,"comment_status":"closed","ping_status":"closed","template":"","meta":{"footnotes":""},"class_list":["post-804","page","type-page","status-publish","hentry","has-post-title","has-post-date","has-post-category","has-post-tag","has-post-comment","has-post-author",""],"yoast_head":"<!-- This site is optimized with the Yoast SEO plugin v27.3 - https:\/\/yoast.com\/product\/yoast-seo-wordpress\/ -->\n<title>Aufdruck-Technologien \u2013 Textildruck<\/title>\n<meta name=\"description\" content=\"Aufdruck mittels der Siebdruck-methode, Computerstickerei und Thermotransfer. Profitiere von unserer Erfahrung und professioneller technischer Ausr\u00fcstung.\" \/>\n<meta name=\"robots\" content=\"index, follow, max-snippet:-1, max-image-preview:large, max-video-preview:-1\" \/>\n<link rel=\"canonical\" href=\"https:\/\/www.textildruk.pl\/de\/aufdruckstechnologien\/\" \/>\n<meta property=\"og:locale\" content=\"de_DE\" \/>\n<meta property=\"og:type\" content=\"article\" \/>\n<meta property=\"og:title\" content=\"Aufdruck-Technologien \u2013 Textildruck\" \/>\n<meta property=\"og:description\" content=\"Aufdruck mittels der Siebdruck-methode, Computerstickerei und Thermotransfer. Profitiere von unserer Erfahrung und professioneller technischer Ausr\u00fcstung.\" \/>\n<meta property=\"og:url\" content=\"https:\/\/www.textildruk.pl\/de\/aufdruckstechnologien\/\" \/>\n<meta property=\"og:site_name\" content=\"Textildruk\" \/>\n<meta property=\"article:modified_time\" content=\"2021-10-15T13:48:50+00:00\" \/>\n<meta name=\"twitter:card\" content=\"summary_large_image\" \/>\n<script type=\"application\/ld+json\" class=\"yoast-schema-graph\">{\"@context\":\"https:\\\/\\\/schema.org\",\"@graph\":[{\"@type\":\"WebPage\",\"@id\":\"https:\\\/\\\/www.textildruk.pl\\\/de\\\/aufdruckstechnologien\\\/\",\"url\":\"https:\\\/\\\/www.textildruk.pl\\\/de\\\/aufdruckstechnologien\\\/\",\"name\":\"Aufdruck-Technologien \u2013 Textildruck\",\"isPartOf\":{\"@id\":\"https:\\\/\\\/www.textildruk.pl\\\/de\\\/#website\"},\"datePublished\":\"2021-02-05T13:41:36+00:00\",\"dateModified\":\"2021-10-15T13:48:50+00:00\",\"description\":\"Aufdruck mittels der Siebdruck-methode, Computerstickerei und Thermotransfer. Profitiere von unserer Erfahrung und professioneller technischer Ausr\u00fcstung.\",\"breadcrumb\":{\"@id\":\"https:\\\/\\\/www.textildruk.pl\\\/de\\\/aufdruckstechnologien\\\/#breadcrumb\"},\"inLanguage\":\"de\",\"potentialAction\":[{\"@type\":\"ReadAction\",\"target\":[\"https:\\\/\\\/www.textildruk.pl\\\/de\\\/aufdruckstechnologien\\\/\"]}]},{\"@type\":\"BreadcrumbList\",\"@id\":\"https:\\\/\\\/www.textildruk.pl\\\/de\\\/aufdruckstechnologien\\\/#breadcrumb\",\"itemListElement\":[{\"@type\":\"ListItem\",\"position\":1,\"name\":\"Strona g\u0142\u00f3wna\",\"item\":\"https:\\\/\\\/www.textildruk.pl\\\/de\\\/\"},{\"@type\":\"ListItem\",\"position\":2,\"name\":\"Aufdruckstechnologien\"}]},{\"@type\":\"WebSite\",\"@id\":\"https:\\\/\\\/www.textildruk.pl\\\/de\\\/#website\",\"url\":\"https:\\\/\\\/www.textildruk.pl\\\/de\\\/\",\"name\":\"Textildruk\",\"description\":\"Sitodruk, haft, termotransfer.\",\"potentialAction\":[{\"@type\":\"SearchAction\",\"target\":{\"@type\":\"EntryPoint\",\"urlTemplate\":\"https:\\\/\\\/www.textildruk.pl\\\/de\\\/?s={search_term_string}\"},\"query-input\":{\"@type\":\"PropertyValueSpecification\",\"valueRequired\":true,\"valueName\":\"search_term_string\"}}],\"inLanguage\":\"de\"}]}<\/script>\n<!-- \/ Yoast SEO plugin. -->","yoast_head_json":{"title":"Aufdruck-Technologien \u2013 Textildruck","description":"Aufdruck mittels der Siebdruck-methode, Computerstickerei und Thermotransfer. Profitiere von unserer Erfahrung und professioneller technischer Ausr\u00fcstung.","robots":{"index":"index","follow":"follow","max-snippet":"max-snippet:-1","max-image-preview":"max-image-preview:large","max-video-preview":"max-video-preview:-1"},"canonical":"https:\/\/www.textildruk.pl\/de\/aufdruckstechnologien\/","og_locale":"de_DE","og_type":"article","og_title":"Aufdruck-Technologien \u2013 Textildruck","og_description":"Aufdruck mittels der Siebdruck-methode, Computerstickerei und Thermotransfer. Profitiere von unserer Erfahrung und professioneller technischer Ausr\u00fcstung.","og_url":"https:\/\/www.textildruk.pl\/de\/aufdruckstechnologien\/","og_site_name":"Textildruk","article_modified_time":"2021-10-15T13:48:50+00:00","twitter_card":"summary_large_image","schema":{"@context":"https:\/\/schema.org","@graph":[{"@type":"WebPage","@id":"https:\/\/www.textildruk.pl\/de\/aufdruckstechnologien\/","url":"https:\/\/www.textildruk.pl\/de\/aufdruckstechnologien\/","name":"Aufdruck-Technologien \u2013 Textildruck","isPartOf":{"@id":"https:\/\/www.textildruk.pl\/de\/#website"},"datePublished":"2021-02-05T13:41:36+00:00","dateModified":"2021-10-15T13:48:50+00:00","description":"Aufdruck mittels der Siebdruck-methode, Computerstickerei und Thermotransfer. Profitiere von unserer Erfahrung und professioneller technischer Ausr\u00fcstung.","breadcrumb":{"@id":"https:\/\/www.textildruk.pl\/de\/aufdruckstechnologien\/#breadcrumb"},"inLanguage":"de","potentialAction":[{"@type":"ReadAction","target":["https:\/\/www.textildruk.pl\/de\/aufdruckstechnologien\/"]}]},{"@type":"BreadcrumbList","@id":"https:\/\/www.textildruk.pl\/de\/aufdruckstechnologien\/#breadcrumb","itemListElement":[{"@type":"ListItem","position":1,"name":"Strona g\u0142\u00f3wna","item":"https:\/\/www.textildruk.pl\/de\/"},{"@type":"ListItem","position":2,"name":"Aufdruckstechnologien"}]},{"@type":"WebSite","@id":"https:\/\/www.textildruk.pl\/de\/#website","url":"https:\/\/www.textildruk.pl\/de\/","name":"Textildruk","description":"Sitodruk, haft, termotransfer.","potentialAction":[{"@type":"SearchAction","target":{"@type":"EntryPoint","urlTemplate":"https:\/\/www.textildruk.pl\/de\/?s={search_term_string}"},"query-input":{"@type":"PropertyValueSpecification","valueRequired":true,"valueName":"search_term_string"}}],"inLanguage":"de"}]}},"builder_content":"<h1>Kleidung bedrucken<\/h1> <p>Je nach der Produktart (Gr\u00f6\u00dfe, Form usw.) und dessen Bestandteilen (Material), erfordert der Aufdruck eine bestimmte Methode, um einen erfolgreichen Effekt zu erzielen. Bei Textildruck personalisieren wir Textilien unter Benutzung von Siebdruck, Computerstickerei sowie Thermotransfer. <br>Die Drucktechnik passen wir jedes Mal an Deine Erwartungen und Bed\u00fcrfnisse an. Entscheidend ist dabei auch die Projektspezifik, d.h. wir bem\u00fchen uns um Langlebigkeit sowie exakte Wiedergabe von Farben und Details, wenn wir die Kleidung bedrucken. Indem Du mit uns zusammenarbeitest, profitierst Du von einem komplett ausgestatteten, hochmodernen Druckmaschinenpark, der sich f\u00fcr optimales Online-Drucken perfekt eignet.<\/p>\n<h3>Siebdruck Verfahren<\/h3> <p>Das Siebdruck Verfahren ist eine Druckmethode zur Anfertigung von speziellen Aufgaben. Sie ist sowohl beim goldenen, silbernen Aufdruck als auch bei Entw\u00fcrfen mit tonalen \u00dcberg\u00e4ngen ideal anwendbar. Sie tr\u00e4gt zum topqualitativen Decken bei, gibt im Endeffekt sehr deutliche Farben und sorgt f\u00fcr hohe Festigkeit von kleineren wie auch gr\u00f6\u00dferen Aufdr\u00fccken beinahe auf jedem Stoff.<\/p>\n<a href=\"\/de\/aufdruckstechnologien\/siebdruck\/\" > Siebdruck <\/a>\n<img src=\"\/wp-content\/uploads\/2021\/02\/siebdruck-methode-1.jpg\" width=\"557\" height=\"371\" alt=\"siebdruck verfahren\">\n<h3>Computerstickerei<\/h3> <p>Die Computerstickerei ist f\u00fcr uns wahrlich eine Know-How-Technik, die wir perfekt beherrschen. Diese Methode der Stoffverzierung verleiht Deinem Firmenzubeh\u00f6r, wie etwa Logo oder Firmenname, bzw. Deinen Werbeartikeln ein edles, unvergessliches Aussehen. Dies wiederum garantiert ein erstklassiges Branding und einen einzigartigen visuellen Effekt.<\/p>\n<a href=\"\/de\/aufdruckstechnologien\/stickerei\" > Computerstickerei <\/a>\n<img src=\"\/wp-content\/uploads\/2021\/02\/aufdruck-auf-tshirts-1.png\" width=\"350\" height=\"350\" alt=\"stickereimethode\">\n<h3>Thermotransferdruck<\/h3> <p>Der Thermotransferdruck bietet beste Aufdruck-Qualit\u00e4t mit einer hohen Druckaufl\u00f6sung bei einem wirklich attraktiven Preis-Leistungs-Verh\u00e4ltnis. Diese Technik ist besonders f\u00fcr gr\u00f6\u00dfere Auflagen zu empfehlen, wenn Topqualit\u00e4t und Langlebigkeit relevant sind.<\/p>\n<a href=\"\/de\/aufdruckstechnologien\/thermotransferverfahren\" > Thermotransferdruck <\/a>\n<img src=\"\/wp-content\/uploads\/2021\/02\/stickerei-methode-1.png\" width=\"557\" height=\"371\" alt=\"thermotransferdruck\">","_links":{"self":[{"href":"https:\/\/www.textildruk.pl\/de\/wp-json\/wp\/v2\/pages\/804","targetHints":{"allow":["GET"]}}],"collection":[{"href":"https:\/\/www.textildruk.pl\/de\/wp-json\/wp\/v2\/pages"}],"about":[{"href":"https:\/\/www.textildruk.pl\/de\/wp-json\/wp\/v2\/types\/page"}],"author":[{"embeddable":true,"href":"https:\/\/www.textildruk.pl\/de\/wp-json\/wp\/v2\/users\/2"}],"replies":[{"embeddable":true,"href":"https:\/\/www.textildruk.pl\/de\/wp-json\/wp\/v2\/comments?post=804"}],"version-history":[{"count":35,"href":"https:\/\/www.textildruk.pl\/de\/wp-json\/wp\/v2\/pages\/804\/revisions"}],"predecessor-version":[{"id":1435,"href":"https:\/\/www.textildruk.pl\/de\/wp-json\/wp\/v2\/pages\/804\/revisions\/1435"}],"wp:attachment":[{"href":"https:\/\/www.textildruk.pl\/de\/wp-json\/wp\/v2\/media?parent=804"}],"curies":[{"name":"wp","href":"https:\/\/api.w.org\/{rel}","templated":true}]}}