{"id":776,"date":"2021-02-05T13:32:02","date_gmt":"2021-02-05T12:32:02","guid":{"rendered":"https:\/\/www.eko-rec.pl\/?page_id=776"},"modified":"2021-10-15T15:54:39","modified_gmt":"2021-10-15T13:54:39","slug":"kontakt","status":"publish","type":"page","link":"https:\/\/www.textildruk.pl\/de\/kontakt\/","title":{"rendered":"Kontakt"},"content":{"rendered":"<!--themify_builder_content-->\n<div id=\"themify_builder_content-776\" data-postid=\"776\" class=\"themify_builder_content themify_builder_content-776 themify_builder tf_clear\">\n                    <div  data-css_id=\"esdh182\" data-lazy=\"1\" class=\"module_row themify_builder_row contact-text fullwidth_row_container tb_esdh182 tb_first tf_w\">\n                        <div class=\"row_inner col_align_top tb_col_count_1 tf_box tf_rel\">\n                        <div  data-lazy=\"1\" class=\"module_column tb-column col-full tb_2gmt182 c-contact-title first\">\n                    <!-- module plain text -->\n<div  class=\"module module-plain-text tb_s4iv644 contact-title wow\" data-tf-animation=\"slideInRight\" data-tf-animation_delay=\"0.15\" data-lazy=\"1\">\n        <div class=\"tb_text_wrap\">\n    <h1>Kontaktieren Sie uns<\/h1>    <\/div>\n<\/div>\n<!-- \/module plain text -->        <\/div>\n                        <\/div>\n        <\/div>\n                        <div  data-css_id=\"swne493\" data-lazy=\"1\" class=\"module_row themify_builder_row row-contact fullwidth_row_container tb_swne493 tf_w\">\n                        <div class=\"row_inner col_align_top tb_col_count_2 tf_box tf_rel\">\n                        <div  data-lazy=\"1\" class=\"module_column tb-column col4-2 tb_lqe2494 first\">\n                    <!-- module contact -->\n<div  id=\"tb_33gf322\" class=\"module module-contact tb_33gf322 contact-style1 contact-form\" data-lazy=\"1\">\n    \n\t<form class=\"builder-contact\"\n\t\tid=\"tb_33gf322-form\"\n\t\tmethod=\"post\"\n\t\tdata-post-id=\"776\"\n\t\tdata-element-id=\"33gf322\"\n\t\tdata-orig-id=\"776\"\n\t>\n    <div class=\"contact-message\"><\/div>\n\t<input type=\"hidden\" id=\"bc_nonce\" name=\"bc_nonce\" value=\"c606d683fd\" \/><input type=\"hidden\" name=\"_wp_http_referer\" value=\"\/de\/wp-json\/wp\/v2\/pages\/776\" \/>\t<div class=\"builder-contact-fields tf_rel\">\n\t\t    \t\t    <div class=\"builder-contact-field builder-contact-field-name builder-contact-text-field\">\n\t\t\t    <label class=\"control-label\" for=\"tb_33gf322-contact-name\">\n\t\t\t\t\t\t\t\t\t\t<span class=\"tb-label-span\">Name <\/span><span class=\"required\">*<\/span>\t\t\t\t<\/label>\n\t\t\t    <div class=\"control-input tf_rel\">\n\t\t\t\t    \t\t\t\t\t    <input type=\"text\" name=\"contact-name\" placeholder=\"Vorname und Nachname *\" id=\"tb_33gf322-contact-name\" value=\"\" class=\"form-control\" required>\n\t\t\t\t    \t\t\t\t    \t\t\t    <\/div>\n\t\t<\/div>\n\t    \n\t\t    \t\t    <div class=\"builder-contact-field builder-contact-field-email builder-contact-text-field\">\n\t\t\t    <label class=\"control-label\" for=\"tb_33gf322-contact-email\">\n\t\t\t\t\t\t\t\t\t\t<span class=\"tb-label-span\">Email <\/span><span class=\"required\">*<\/span>\t\t\t\t<\/label>\n\t\t\t    <div class=\"control-input tf_rel\">\n\t\t\t\t    \t\t\t\t\t    <input type=\"email\" name=\"contact-email\" placeholder=\"E-mail *\" id=\"tb_33gf322-contact-email\" value=\"\" class=\"form-control\" required>\n\t\t\t\t    \t\t\t\t    \t\t\t    <\/div>\n\t\t<\/div>\n\t    \n\t\t    \t\t    <div class=\"builder-contact-field builder-contact-field-message builder-contact-textarea-field\">\n\t\t\t    <label class=\"control-label\" for=\"tb_33gf322-contact-message\">\n\t\t\t\t\t\t\t\t\t\t<span class=\"tb-label-span\">Message <\/span>\t\t\t\t<\/label>\n\t\t\t    <div class=\"control-input tf_rel\">\n\t\t\t\t    \t\t\t\t\t    <textarea name=\"contact-message\" placeholder=\"Ihre Nachricht an uns*\" id=\"tb_33gf322-contact-message\" class=\"form-control\"><\/textarea>\n\t\t\t\t    \t\t\t\t    \t\t\t    <\/div>\n\t\t<\/div>\n\t    \n\t\t    \t\t\n\t\t\n\t    \t\t\t<div class=\"builder-contact-field builder-contact-field-captcha\">\n\n\t\t\t\t\n\t\t\t\t<div class=\"control-input tf_rel\">\n                    <div class=\"themify_captcha_field \" data-sitekey=\"6Lc-jtEcAAAAAC6AUT2Z3_ZzqxGLvFUbpfpLsMKf\" data-ver=\"v3\"><\/div>\t\t\t\t<\/div>\n\n\t\t\t<\/div><!-- .builder-contact-field-captcha -->\n\t    \n\t    <div class=\"builder-contact-field builder-contact-field-send control-input tf_textr tf_clear tf_rel\">\n\t\t\t<button type=\"submit\" class=\"btn btn-primary\">\n\t\t\t\t<span class=\"tf_loader\"><\/span>\t\t\t\t<span class=\"tf_submit_icon\"><\/span> \n\t\t\t\tSenden\t\t\t<\/button>\n\t    <\/div>\n\t<\/div>\n    <\/form>\n    <\/div>\n<!-- \/module contact -->\n        <\/div>\n                    <div  data-lazy=\"1\" class=\"module_column tb-column col4-2 tb_8ilz364 contact-text last\">\n                    <!-- module plain text -->\n<div  class=\"module module-plain-text tb_2nn5972 contact-description\" data-lazy=\"1\">\n        <div class=\"tb_text_wrap\">\n    <h3>Textildruk<\/h3>\n<p>\n<span class=\"tytul\">Adresse:<\/span>\n<span class=\"przesun\">Batorego 166 Stra\u00dfe,<br>65-733 Zielona G\u00f3ra<\/span>\n<\/p>\n<p>\n<a href=\"mailto:tomasz@textildruk.pl\"><span class=\"tytul\">E-mail: <\/span><span class=\"przesun\">tomasz@textildruk.pl<\/span><\/a>\n<\/p>\n<p>\n<a href=\"tel:+48609659859\"><span class=\"tytul\">Telefon:<\/span><span class=\"przesun\">+48 609 659 859<\/span><\/a>\n<\/p>    <\/div>\n<\/div>\n<!-- \/module plain text -->        <\/div>\n                        <\/div>\n        <\/div>\n                        <div  data-css_id=\"1ijs164\" data-lazy=\"1\" class=\"module_row themify_builder_row r-map fullwidth_row_container tb_1ijs164 tf_w\">\n                        <div class=\"row_inner col_align_top tb_col_count_1 tf_box tf_rel\">\n                        <div  data-lazy=\"1\" class=\"module_column tb-column col-full tb_uces164 map first\">\n                    <!-- module text -->\n<div  class=\"module module-text tb_06ns128   \" data-lazy=\"1\">\n        <div  class=\"tb_text_wrap\">\n        <h3>Wo finden Sie uns?<\/h3>    <\/div>\n<\/div>\n<!-- \/module text --><!-- module maps pro -->\n<div  id=\"map\" class=\"module module-maps-pro tb_i1bx619  tf_lazy\" data-zoom=\"17\" data-type=\"ROADMAP\" data-address=\"\" data-scrollwheel=\"\" data-draggable=\"enable\" data-disable_map_ui=\"1\" data-polyline=\"\" data-geodesic=\"\" data-polylineStroke=\"2\" data-polylineColor=\"#ff0000_1\" data-trigger=\"\" data-mapid=\"\" data-style_map=\"blue-gray\" data-legacymarkers=\"\" data-lazy=\"1\">\n\t\n\t\t\t<div class=\"maps-pro-canvas-container\">\n\t\t\t<div class=\"maps-pro-canvas\" style=\"width:100%;height:500px\"><\/div>\n\t\t<\/div>\n\t\t\t\t\t<template>\n\t\t\t\t\t\t\t\t\t<div data-address=\"51.9671604,15.4882931\" data-image=\"\">\n\t\t\t\t\t\tTextildruk<br>\nBatorego 166 Stra\u00dfe<br>\n65-735 Zielona G\u00f3ra\t\t\t\t\t<\/div>\n\t\t\t\t\t\t\t<\/template>\n\t\t\t\t\n\t<\/div>\n<!-- \/module maps pro -->        <\/div>\n                        <\/div>\n        <\/div>\n        <\/div>\n<!--\/themify_builder_content-->\n\n\n<p><\/p>\n\n\n<p><\/p>","protected":false},"excerpt":{"rendered":"","protected":false},"author":2,"featured_media":0,"parent":0,"menu_order":6,"comment_status":"closed","ping_status":"closed","template":"","meta":{"footnotes":""},"class_list":["post-776","page","type-page","status-publish","hentry","has-post-title","has-post-date","has-post-category","has-post-tag","has-post-comment","has-post-author",""],"yoast_head":"<!-- This site is optimized with the Yoast SEO plugin v27.3 - https:\/\/yoast.com\/product\/yoast-seo-wordpress\/ -->\n<title>Kontakt - Textildruk<\/title>\n<meta name=\"description\" content=\"Wir spezialisieren uns auf Ausfertigung von Kleidung- und Zubeh\u00f6raufdruck mittels des Thermotransfers, Siebdrucks und Computerstickerei. Langj\u00e4hrige Erfahrung sorgt f\u00fcr beste Leistungen.\" \/>\n<meta name=\"robots\" content=\"index, follow, max-snippet:-1, max-image-preview:large, max-video-preview:-1\" \/>\n<link rel=\"canonical\" href=\"https:\/\/www.textildruk.pl\/de\/kontakt\/\" \/>\n<meta property=\"og:locale\" content=\"de_DE\" \/>\n<meta property=\"og:type\" content=\"article\" \/>\n<meta property=\"og:title\" content=\"Kontakt - Textildruk\" \/>\n<meta property=\"og:description\" content=\"Wir spezialisieren uns auf Ausfertigung von Kleidung- und Zubeh\u00f6raufdruck mittels des Thermotransfers, Siebdrucks und Computerstickerei. Langj\u00e4hrige Erfahrung sorgt f\u00fcr beste Leistungen.\" \/>\n<meta property=\"og:url\" content=\"https:\/\/www.textildruk.pl\/de\/kontakt\/\" \/>\n<meta property=\"og:site_name\" content=\"Textildruk\" \/>\n<meta property=\"article:modified_time\" content=\"2021-10-15T13:54:39+00:00\" \/>\n<meta name=\"twitter:card\" content=\"summary_large_image\" \/>\n<script type=\"application\/ld+json\" class=\"yoast-schema-graph\">{\"@context\":\"https:\\\/\\\/schema.org\",\"@graph\":[{\"@type\":\"WebPage\",\"@id\":\"https:\\\/\\\/www.textildruk.pl\\\/de\\\/kontakt\\\/\",\"url\":\"https:\\\/\\\/www.textildruk.pl\\\/de\\\/kontakt\\\/\",\"name\":\"Kontakt - Textildruk\",\"isPartOf\":{\"@id\":\"https:\\\/\\\/www.textildruk.pl\\\/de\\\/#website\"},\"datePublished\":\"2021-02-05T12:32:02+00:00\",\"dateModified\":\"2021-10-15T13:54:39+00:00\",\"description\":\"Wir spezialisieren uns auf Ausfertigung von Kleidung- und Zubeh\u00f6raufdruck mittels des Thermotransfers, Siebdrucks und Computerstickerei. Langj\u00e4hrige Erfahrung sorgt f\u00fcr beste Leistungen.\",\"breadcrumb\":{\"@id\":\"https:\\\/\\\/www.textildruk.pl\\\/de\\\/kontakt\\\/#breadcrumb\"},\"inLanguage\":\"de\",\"potentialAction\":[{\"@type\":\"ReadAction\",\"target\":[\"https:\\\/\\\/www.textildruk.pl\\\/de\\\/kontakt\\\/\"]}]},{\"@type\":\"BreadcrumbList\",\"@id\":\"https:\\\/\\\/www.textildruk.pl\\\/de\\\/kontakt\\\/#breadcrumb\",\"itemListElement\":[{\"@type\":\"ListItem\",\"position\":1,\"name\":\"Strona g\u0142\u00f3wna\",\"item\":\"https:\\\/\\\/www.textildruk.pl\\\/de\\\/\"},{\"@type\":\"ListItem\",\"position\":2,\"name\":\"Kontakt\"}]},{\"@type\":\"WebSite\",\"@id\":\"https:\\\/\\\/www.textildruk.pl\\\/de\\\/#website\",\"url\":\"https:\\\/\\\/www.textildruk.pl\\\/de\\\/\",\"name\":\"Textildruk\",\"description\":\"Sitodruk, haft, termotransfer.\",\"potentialAction\":[{\"@type\":\"SearchAction\",\"target\":{\"@type\":\"EntryPoint\",\"urlTemplate\":\"https:\\\/\\\/www.textildruk.pl\\\/de\\\/?s={search_term_string}\"},\"query-input\":{\"@type\":\"PropertyValueSpecification\",\"valueRequired\":true,\"valueName\":\"search_term_string\"}}],\"inLanguage\":\"de\"}]}<\/script>\n<!-- \/ Yoast SEO plugin. -->","yoast_head_json":{"title":"Kontakt - Textildruk","description":"Wir spezialisieren uns auf Ausfertigung von Kleidung- und Zubeh\u00f6raufdruck mittels des Thermotransfers, Siebdrucks und Computerstickerei. Langj\u00e4hrige Erfahrung sorgt f\u00fcr beste Leistungen.","robots":{"index":"index","follow":"follow","max-snippet":"max-snippet:-1","max-image-preview":"max-image-preview:large","max-video-preview":"max-video-preview:-1"},"canonical":"https:\/\/www.textildruk.pl\/de\/kontakt\/","og_locale":"de_DE","og_type":"article","og_title":"Kontakt - Textildruk","og_description":"Wir spezialisieren uns auf Ausfertigung von Kleidung- und Zubeh\u00f6raufdruck mittels des Thermotransfers, Siebdrucks und Computerstickerei. Langj\u00e4hrige Erfahrung sorgt f\u00fcr beste Leistungen.","og_url":"https:\/\/www.textildruk.pl\/de\/kontakt\/","og_site_name":"Textildruk","article_modified_time":"2021-10-15T13:54:39+00:00","twitter_card":"summary_large_image","schema":{"@context":"https:\/\/schema.org","@graph":[{"@type":"WebPage","@id":"https:\/\/www.textildruk.pl\/de\/kontakt\/","url":"https:\/\/www.textildruk.pl\/de\/kontakt\/","name":"Kontakt - Textildruk","isPartOf":{"@id":"https:\/\/www.textildruk.pl\/de\/#website"},"datePublished":"2021-02-05T12:32:02+00:00","dateModified":"2021-10-15T13:54:39+00:00","description":"Wir spezialisieren uns auf Ausfertigung von Kleidung- und Zubeh\u00f6raufdruck mittels des Thermotransfers, Siebdrucks und Computerstickerei. Langj\u00e4hrige Erfahrung sorgt f\u00fcr beste Leistungen.","breadcrumb":{"@id":"https:\/\/www.textildruk.pl\/de\/kontakt\/#breadcrumb"},"inLanguage":"de","potentialAction":[{"@type":"ReadAction","target":["https:\/\/www.textildruk.pl\/de\/kontakt\/"]}]},{"@type":"BreadcrumbList","@id":"https:\/\/www.textildruk.pl\/de\/kontakt\/#breadcrumb","itemListElement":[{"@type":"ListItem","position":1,"name":"Strona g\u0142\u00f3wna","item":"https:\/\/www.textildruk.pl\/de\/"},{"@type":"ListItem","position":2,"name":"Kontakt"}]},{"@type":"WebSite","@id":"https:\/\/www.textildruk.pl\/de\/#website","url":"https:\/\/www.textildruk.pl\/de\/","name":"Textildruk","description":"Sitodruk, haft, termotransfer.","potentialAction":[{"@type":"SearchAction","target":{"@type":"EntryPoint","urlTemplate":"https:\/\/www.textildruk.pl\/de\/?s={search_term_string}"},"query-input":{"@type":"PropertyValueSpecification","valueRequired":true,"valueName":"search_term_string"}}],"inLanguage":"de"}]}},"builder_content":"<h1>Kontaktieren Sie uns<\/h1>\n<form id=\"tb_33gf322-form\" method=\"post\" data-post-id=\"0\" data-element-id=\"33gf322\" data-orig-id=\"776\" > <input type=\"hidden\" id=\"bc_nonce\" name=\"bc_nonce\" value=\"c606d683fd\" \/><input type=\"hidden\" name=\"_wp_http_referer\" value=\"\/de\/wp-json\/wp\/v2\/pages\/776\" \/> <label for=\"tb_33gf322-contact-name\"> Name * <\/label> <input type=\"text\" name=\"contact-name\" placeholder=\"Vorname und Nachname *\" id=\"tb_33gf322-contact-name\" value=\"\" required> <label for=\"tb_33gf322-contact-email\"> Email * <\/label> <input type=\"email\" name=\"contact-email\" placeholder=\"E-mail *\" id=\"tb_33gf322-contact-email\" value=\"\" required> <label for=\"tb_33gf322-contact-message\"> Message <\/label> <textarea name=\"contact-message\" placeholder=\"Ihre Nachricht an uns*\" id=\"tb_33gf322-contact-message\"><\/textarea> \n \n <button type=\"submit\"> Senden <\/button> <\/form>\n<h3>Textildruk<\/h3> <p> Adresse: Batorego 166 Stra\u00dfe,<br>65-733 Zielona G\u00f3ra <\/p> <p> <a href=\"mailto:tomasz@textildruk.pl\">E-mail: tomasz@textildruk.pl<\/a> <\/p> <p> <a href=\"tel:+48609659859\">Telefon:+48 609 659 859<\/a> <\/p>\n<h3>Wo finden Sie uns?<\/h3>\n<template> Textildruk<br> Batorego 166 Stra\u00dfe<br> 65-735 Zielona G\u00f3ra <\/template>","_links":{"self":[{"href":"https:\/\/www.textildruk.pl\/de\/wp-json\/wp\/v2\/pages\/776","targetHints":{"allow":["GET"]}}],"collection":[{"href":"https:\/\/www.textildruk.pl\/de\/wp-json\/wp\/v2\/pages"}],"about":[{"href":"https:\/\/www.textildruk.pl\/de\/wp-json\/wp\/v2\/types\/page"}],"author":[{"embeddable":true,"href":"https:\/\/www.textildruk.pl\/de\/wp-json\/wp\/v2\/users\/2"}],"replies":[{"embeddable":true,"href":"https:\/\/www.textildruk.pl\/de\/wp-json\/wp\/v2\/comments?post=776"}],"version-history":[{"count":22,"href":"https:\/\/www.textildruk.pl\/de\/wp-json\/wp\/v2\/pages\/776\/revisions"}],"predecessor-version":[{"id":1447,"href":"https:\/\/www.textildruk.pl\/de\/wp-json\/wp\/v2\/pages\/776\/revisions\/1447"}],"wp:attachment":[{"href":"https:\/\/www.textildruk.pl\/de\/wp-json\/wp\/v2\/media?parent=776"}],"curies":[{"name":"wp","href":"https:\/\/api.w.org\/{rel}","templated":true}]}}